{"id":1981,"date":"2025-03-26T01:14:44","date_gmt":"2025-03-25T23:14:44","guid":{"rendered":"https:\/\/madgunsdigital.me\/o-nama\/"},"modified":"2026-01-10T15:14:31","modified_gmt":"2026-01-10T13:14:31","slug":"o-nama","status":"publish","type":"page","link":"https:\/\/madgunsdigital.me\/me\/o-nama\/","title":{"rendered":"O nama"},"content":{"rendered":"<div class=\"row\"  id=\"row-227481853\">\n\n\t<div id=\"col-979511025\" class=\"col small-12 large-12\"  >\n\t\t\t\t<div class=\"col-inner\"  >\n\t\t\t\n\t\t\t\n<h1>O nama<\/h1>\n<h2>Ko smo mi<\/h2>\n<p>Mad Guns Digital Online Services, u vlasni\u0161tvu Mad Guns Digital DOO, vode\u0107i je pru\u017ealac visokokvalitetnih online \u0161tampanih rje\u0161enja. Specijalizovani smo za preciznu, brzu i pouzdanu izradu personalizovanih \u0161tampa, poma\u017eu\u0107i pojedincima i preduze\u0107ima da o\u017eive svoje kreativne ideje.<\/p>\n<h2>Na\u0161a misija<\/h2>\n<p>Na\u0161a misija je da revolucioniramo industriju \u0161tampe nude\u0107i besprekorno, visokokvalitetno i pristupa\u010dno \u0161tampanje. Bilo da vam trebaju vizit karte, baneri, posteri ili personalizovani promotivni materijali, garantujemo vrhunske rezultate koriste\u0107i najsavremeniju tehnologiju i najbolje materijale.<\/p>\n<h2>Za\u0161to odabrati nas?<\/h2>\n<ul>\n<li><strong>Vrhunski kvalitet:<\/strong> Koristimo najsavremeniju tehnologiju \u0161tampe kako bismo osigurali o\u0161tre, \u017eivopisne i profesionalne rezultate.<\/li>\n<li><strong>Brza realizacija:<\/strong> Na\u0161 optimizovani proces omogu\u0107ava brzu isporuku bez kompromisa po pitanju kvaliteta.<\/li>\n<li><strong>Prilago\u0111ena rje\u0161enja:<\/strong> Od dizajna do \u0161tampe, nudimo rje\u0161enja prilago\u0111ena va\u0161im jedinstvenim potrebama.<\/li>\n<li><strong>Zadovoljstvo kupaca:<\/strong> Posve\u0107eni smo vrhunskoj korisni\u010dkoj podr\u0161ci i 100% zadovoljstvu na\u0161ih klijenata.<\/li>\n<\/ul>\n<h2>Na\u0161e usluge<\/h2>\n<ul>\n<li>Personalizovana \u0161tampa za preduze\u0107a i pojedince<\/li>\n<li>\u0160tampa velikog formata (baneri, posteri, znakovi)<\/li>\n<li>Personalizovani promotivni materijali (majice, \u0161olje, naljepnice)<\/li>\n<li>Visokokvalitetni promotivni materijali<\/li>\n<li>Pomo\u0107 pri digitalnom dizajnu<\/li>\n<\/ul>\n<h2>Na\u0161a posve\u0107enost<\/h2>\n<p>U Mad Guns Digital Online Services posve\u0107eni smo tome da \u0161tampanje u\u010dinimo jednostavnim, efikasnim i dostupnim svima. Kontinuirano inoviramo kako bismo pru\u017eili najbolje iskustvo, osiguravaju\u0107i da va\u0161i projekti izdvajaju sa neuporedivim kvalitetom.<\/p>\n<h3>Kontaktirajte nas<\/h3>\n<p>Imate pitanja ili trebate pomo\u0107? Na\u0161 tim je tu da vam pomogne!<\/p>\n<p>Naziv firme: Mad Guns Digital Online Services (u vlasni\u0161tvu Mad Guns Digital DOO)<\/p>\n<p>Email: <a href=\"mailto:info@madgunsdigital.me\">info@madgunsdigital.me<\/a><\/p>\n<p>Telefon: +382 69 623 402<\/p>\n<p>Adresa: TRG Nezavisnosti br.7, Podgorica, Crna Gora<\/p>\n\t\t<\/div>\n\t\t\t\t\t<\/div>\n\n\t\n<\/div>\n","protected":false},"excerpt":{"rendered":"","protected":false},"author":1,"featured_media":0,"parent":0,"menu_order":0,"comment_status":"closed","ping_status":"closed","template":"","meta":{"footnotes":""},"class_list":["post-1981","page","type-page","status-publish","hentry"],"_links":{"self":[{"href":"https:\/\/madgunsdigital.me\/me\/wp-json\/wp\/v2\/pages\/1981","targetHints":{"allow":["GET"]}}],"collection":[{"href":"https:\/\/madgunsdigital.me\/me\/wp-json\/wp\/v2\/pages"}],"about":[{"href":"https:\/\/madgunsdigital.me\/me\/wp-json\/wp\/v2\/types\/page"}],"author":[{"embeddable":true,"href":"https:\/\/madgunsdigital.me\/me\/wp-json\/wp\/v2\/users\/1"}],"replies":[{"embeddable":true,"href":"https:\/\/madgunsdigital.me\/me\/wp-json\/wp\/v2\/comments?post=1981"}],"version-history":[{"count":2,"href":"https:\/\/madgunsdigital.me\/me\/wp-json\/wp\/v2\/pages\/1981\/revisions"}],"predecessor-version":[{"id":1983,"href":"https:\/\/madgunsdigital.me\/me\/wp-json\/wp\/v2\/pages\/1981\/revisions\/1983"}],"wp:attachment":[{"href":"https:\/\/madgunsdigital.me\/me\/wp-json\/wp\/v2\/media?parent=1981"}],"curies":[{"name":"wp","href":"https:\/\/api.w.org\/{rel}","templated":true}]}}