{"id":1987,"date":"2025-03-26T16:00:58","date_gmt":"2025-03-26T14:00:58","guid":{"rendered":"https:\/\/madgunsdigital.me\/odjeca\/"},"modified":"2026-02-01T14:50:07","modified_gmt":"2026-02-01T12:50:07","slug":"odjeca","status":"publish","type":"page","link":"https:\/\/madgunsdigital.me\/me\/odjeca\/","title":{"rendered":"Odje\u0107a"},"content":{"rendered":"\n  <div class=\"banner has-hover\" id=\"banner-1664953215\">\n          <div class=\"banner-inner fill\">\n        <div class=\"banner-bg fill\" >\n            <img decoding=\"async\" width=\"600\" height=\"260\" src=\"https:\/\/madgunsdigital.me\/wp-content\/uploads\/2025\/01\/Apparel.webp\" class=\"bg attachment-original size-original\" alt=\"\" \/>                        <div class=\"overlay\"><\/div>            \n                    <\/div>\n\t\t\n\t<div class=\"ux-shape-divider ux-shape-divider--bottom ux-shape-divider--style-waves-opacity-3\">\n\t\t<svg viewBox=\"0 0 1000 300\" xmlns=\"http:\/\/www.w3.org\/2000\/svg\" preserveAspectRatio=\"none\">\n\t<path class=\"ux-shape-fill\" opacity=\"0.05\" d=\"M1014 264V386H206L34 300C34 300 344.42 277.16 436 221C542 156 590 160 704 209C811 255 899.11 214.94 979 346L1014 264Z\"\/>\n\t<path class=\"ux-shape-fill\" opacity=\"0.1\" d=\"M-302 55C-302 55 -66.73 263.25 50 214C178 160 283 116 353 141C445.68 174.1 534.28 256.19 588 249C692.9 235 764.52 75.94 855 131C940.61 183.09 1000 254 1000 254V328L-306 338L-302 55Z\"\/>\n\t<path class=\"ux-shape-fill\" opacity=\"0.15\" d=\"M-286 255C-286 255 -72 152 52 126C176 100 255 155 436 227C581.57 284.91 614.7 277.79 708 227C787 184 1009 3.0001 1093 164C1146 265.63 1031 293 1031 293L924 377L-288 389L-286 255Z\"\/>\n\t<path class=\"ux-shape-fill\" opacity=\"0.3\" d=\"M-24 69C-24 69 275.68 370.66 389 314C397 310 622 316 673 356C690.47 369.7 845 224 890 182C944.8 130.85 1018 92 1078 143C1154.12 207.7 1196 242 1196 242L1184 374L-28 386L-24 69Z\"\/>\n\t<path class=\"ux-shape-fill\" d=\"M-12 201C-12 201 58 284 182 258C306 232 342.29 221.23 456 264C565 305 640.82 288.36 721 249C776 222 837.5 191.31 935 253C984 284 1030 279 1030 279L1024 430L-12 440V201Z\"\/>\n<\/svg>\n\t<\/div>\n        <div class=\"banner-layers container\">\n            <div class=\"fill banner-link\"><\/div>            \n\n   <div id=\"text-box-2042817724\" class=\"text-box banner-layer x50 md-x50 lg-x50 y50 md-y50 lg-y50 res-text\">\n                                <div class=\"text-box-content text dark\">\n              \n              <div class=\"text-inner text-center\">\n                  \n\n\t<div id=\"text-763679187\" class=\"text\">\n\t\t\n\n<h1><strong>Odje\u0107a<\/strong><\/h1>\r\n<p><nav aria-label=\"breadcrumbs\" class=\"rank-math-breadcrumb\"><p><span class=\"last\">Po\u010detna<\/span><\/p><\/nav><\/p>\n\t\t\n<style>\n#text-763679187 {\n  font-size: 0.75rem;\n}\n@media (min-width:550px) {\n  #text-763679187 {\n    font-size: 0.9rem;\n  }\n}\n@media (min-width:850px) {\n  #text-763679187 {\n    font-size: 1.1rem;\n  }\n}\n<\/style>\n\t<\/div>\n\t\n\n              <\/div>\n           <\/div>\n                            \n<style>\n#text-box-2042817724 {\n  width: 80%;\n}\n#text-box-2042817724 .text-box-content {\n  font-size: 100%;\n}\n@media (min-width:550px) {\n  #text-box-2042817724 {\n    width: 70%;\n  }\n}\n<\/style>\n    <\/div>\n \n\n        <\/div>\n      <\/div>\n\n            \n<style>\n#banner-1664953215 {\n  padding-top: 221px;\n}\n#banner-1664953215 .overlay {\n  background-color: rgba(0,0,0,.5);\n}\n#banner-1664953215 .banner-bg img {\n  object-position: 63% 34%;\n}\n#banner-1664953215 .ux-shape-divider--bottom svg {\n  height: 150px;\n  --divider-width: 100%;\n}\n@media (min-width:550px) {\n  #banner-1664953215 {\n    padding-top: 270px;\n  }\n}\n@media (min-width:850px) {\n  #banner-1664953215 {\n    padding-top: 300px;\n  }\n}\n<\/style>\n  <\/div>\n\n\n<div class=\"row\"  id=\"row-685837811\">\n\n\t<div id=\"col-819154878\" class=\"col small-12 large-12\"  >\n\t\t\t\t<div class=\"col-inner\"  >\n\t\t\t\n\t\t\t\n\t<div id=\"text-1864577182\" class=\"text\">\n\t\t\n<h1>Idealno kao uniforme ili savr\u0161en personalizovani poklon<\/h1>\n<p>Odaberite proizvod za vi\u0161e informacija<\/p>\n\t\t\n<style>\n#text-1864577182 {\n  font-size: 1.15rem;\n  line-height: 0.75;\n  text-align: center;\n}\n<\/style>\n\t<\/div>\n\t\n\t\t<\/div>\n\t\t\t\t\t<\/div>\n\n\t\n\n\t<div id=\"col-1103759923\" class=\"col small-12 large-12\"  >\n\t\t\t\t<div class=\"col-inner\"  >\n\t\t\t\n\t\t\t\n<div class=\"row\"  id=\"row-713097967\">\n\n\t<div id=\"col-1174145865\" class=\"col small-12 large-12\"  >\n\t\t\t\t<div class=\"col-inner\"  >\n\t\t\t\n\t\t\t\n\t\n  \n    <div id=\"product-grid-1505779827\" class=\"row  equalize-box large-columns-2 medium-columns-2 small-columns- row-small row-masonry\" data-packery-options='{\"itemSelector\": \".col\", \"gutter\": 0, \"presentageWidth\" : true}'>\n\n  \n\t     <div class=\"col\" >\n\t\t\t\t\t\t<div class=\"col-inner\">\n\t\t\t\t\t\t\n<div class=\"badge-container absolute left top z-1\">\n\n<\/div>\n\t\t\t\t\t\t<div class=\"product-small box has-hover box-normal box-text-bottom\">\n\t\t\t\t\t\t\t<div class=\"box-image\" style=\"border-radius:2%;\">\n\t\t\t\t\t\t\t\t<div class=\"\" >\n\t\t\t\t\t\t\t\t\t<a href=\"https:\/\/madgunsdigital.me\/me\/apparel\/majice\/\" aria-label=\"Majice\">\n\t\t\t\t\t\t\t\t\t\t<img decoding=\"async\" width=\"768\" height=\"768\" src=\"https:\/\/madgunsdigital.me\/wp-content\/uploads\/2025\/03\/Tshirt-02-768x768.jpg\" class=\"attachment-medium_large size-medium_large\" alt=\"Majice\" srcset=\"https:\/\/madgunsdigital.me\/wp-content\/uploads\/2025\/03\/Tshirt-02-768x768.jpg 768w, https:\/\/madgunsdigital.me\/wp-content\/uploads\/2025\/03\/Tshirt-02-300x300.jpg 300w, https:\/\/madgunsdigital.me\/wp-content\/uploads\/2025\/03\/Tshirt-02-1024x1024.jpg 1024w, https:\/\/madgunsdigital.me\/wp-content\/uploads\/2025\/03\/Tshirt-02-150x150.jpg 150w, https:\/\/madgunsdigital.me\/wp-content\/uploads\/2025\/03\/Tshirt-02-600x600.jpg 600w, https:\/\/madgunsdigital.me\/wp-content\/uploads\/2025\/03\/Tshirt-02-100x100.jpg 100w, https:\/\/madgunsdigital.me\/wp-content\/uploads\/2025\/03\/Tshirt-02.jpg 1080w\" sizes=\"(max-width: 768px) 100vw, 768px\" \/>\t\t\t\t\t\t\t\t\t<\/a>\n\t\t\t\t\t\t\t\t\t\t\t\t\t\t\t\t\t\t \t\t\t\t\t\t\t\t<\/div>\n\t\t\t\t\t\t\t\t<div class=\"image-tools top right show-on-hover\">\n\t\t\t\t\t\t\t\t\t\t\t\t\t\t\t\t\t<\/div>\n\t\t\t\t\t\t\t\t\t\t\t\t\t\t\t\t\t<div class=\"image-tools grid-tools text-center hide-for-small bottom hover-slide-in show-on-hover\">\n\t\t\t\t\t\t\t\t\t\t\t\t\t\t\t\t\t\t\t<\/div>\n\t\t\t\t\t\t\t\t\t\t\t\t\t\t\t\t\t\t\t\t\t\t\t<\/div>\n\n\t\t\t\t\t\t\t<div class=\"box-text text-center is-large\" >\n\t\t\t\t\t\t\t\t<div class=\"title-wrapper\"><p class=\"name product-title woocommerce-loop-product__title\"><a href=\"https:\/\/madgunsdigital.me\/me\/apparel\/majice\/\" class=\"woocommerce-LoopProduct-link woocommerce-loop-product__link\">Majice<\/a><\/p><\/div><div class=\"price-wrapper\">\n\t<span class=\"price\">Starting at <span class=\"woocommerce-Price-amount amount\"><bdi>15,00&nbsp;<span class=\"woocommerce-Price-currencySymbol\">&euro;<\/span><\/bdi><\/span> <\/span>\n<\/div>\t\t\t\t\t\t\t<\/div>\n\t\t\t\t\t\t<\/div>\n\t\t\t\t\t\t<\/div>\n\t\t\t\t\t<\/div><div class=\"col\" >\n\t\t\t\t\t\t<div class=\"col-inner\">\n\t\t\t\t\t\t\n<div class=\"badge-container absolute left top z-1\">\n\n<\/div>\n\t\t\t\t\t\t<div class=\"product-small box has-hover box-normal box-text-bottom\">\n\t\t\t\t\t\t\t<div class=\"box-image\" style=\"border-radius:2%;\">\n\t\t\t\t\t\t\t\t<div class=\"\" >\n\t\t\t\t\t\t\t\t\t<a href=\"https:\/\/madgunsdigital.me\/me\/apparel\/polo-shirts\/\" aria-label=\"Polo majice\">\n\t\t\t\t\t\t\t\t\t\t<img decoding=\"async\" width=\"768\" height=\"768\" src=\"https:\/\/madgunsdigital.me\/wp-content\/uploads\/2025\/03\/Polo-Shirts-03-768x768.jpg\" class=\"attachment-medium_large size-medium_large\" alt=\"Polo majice\" srcset=\"https:\/\/madgunsdigital.me\/wp-content\/uploads\/2025\/03\/Polo-Shirts-03-768x768.jpg 768w, https:\/\/madgunsdigital.me\/wp-content\/uploads\/2025\/03\/Polo-Shirts-03-300x300.jpg 300w, https:\/\/madgunsdigital.me\/wp-content\/uploads\/2025\/03\/Polo-Shirts-03-1024x1024.jpg 1024w, https:\/\/madgunsdigital.me\/wp-content\/uploads\/2025\/03\/Polo-Shirts-03-150x150.jpg 150w, https:\/\/madgunsdigital.me\/wp-content\/uploads\/2025\/03\/Polo-Shirts-03-600x600.jpg 600w, https:\/\/madgunsdigital.me\/wp-content\/uploads\/2025\/03\/Polo-Shirts-03-100x100.jpg 100w, https:\/\/madgunsdigital.me\/wp-content\/uploads\/2025\/03\/Polo-Shirts-03.jpg 1080w\" sizes=\"(max-width: 768px) 100vw, 768px\" \/>\t\t\t\t\t\t\t\t\t<\/a>\n\t\t\t\t\t\t\t\t\t\t\t\t\t\t\t\t\t\t \t\t\t\t\t\t\t\t<\/div>\n\t\t\t\t\t\t\t\t<div class=\"image-tools top right show-on-hover\">\n\t\t\t\t\t\t\t\t\t\t\t\t\t\t\t\t\t<\/div>\n\t\t\t\t\t\t\t\t\t\t\t\t\t\t\t\t\t<div class=\"image-tools grid-tools text-center hide-for-small bottom hover-slide-in show-on-hover\">\n\t\t\t\t\t\t\t\t\t\t\t\t\t\t\t\t\t\t\t<\/div>\n\t\t\t\t\t\t\t\t\t\t\t\t\t\t\t\t\t\t\t\t\t\t\t<\/div>\n\n\t\t\t\t\t\t\t<div class=\"box-text text-center is-large\" >\n\t\t\t\t\t\t\t\t<div class=\"title-wrapper\"><p class=\"name product-title woocommerce-loop-product__title\"><a href=\"https:\/\/madgunsdigital.me\/me\/apparel\/polo-shirts\/\" class=\"woocommerce-LoopProduct-link woocommerce-loop-product__link\">Polo majice<\/a><\/p><\/div><div class=\"price-wrapper\">\n\t<span class=\"price\">Starting at <span class=\"woocommerce-Price-amount amount\"><bdi>20,00&nbsp;<span class=\"woocommerce-Price-currencySymbol\">&euro;<\/span><\/bdi><\/span> <\/span>\n<\/div>\t\t\t\t\t\t\t<\/div>\n\t\t\t\t\t\t<\/div>\n\t\t\t\t\t\t<\/div>\n\t\t\t\t\t<\/div><div class=\"col\" >\n\t\t\t\t\t\t<div class=\"col-inner\">\n\t\t\t\t\t\t\n<div class=\"badge-container absolute left top z-1\">\n\n<div class=\"badge callout badge-circle\"><div class=\"badge-inner callout-new-bg is-small new-bubble\">NOVI<\/div><\/div><\/div>\n\t\t\t\t\t\t<div class=\"product-small box has-hover box-normal box-text-bottom\">\n\t\t\t\t\t\t\t<div class=\"box-image\" style=\"border-radius:2%;\">\n\t\t\t\t\t\t\t\t<div class=\"\" >\n\t\t\t\t\t\t\t\t\t<a href=\"https:\/\/madgunsdigital.me\/me\/odjeca\/dukserice\/\" aria-label=\"Dukserice\">\n\t\t\t\t\t\t\t\t\t\t<img decoding=\"async\" width=\"768\" height=\"768\" src=\"https:\/\/madgunsdigital.me\/wp-content\/uploads\/2025\/10\/SWS-01-768x768.jpg\" class=\"attachment-medium_large size-medium_large\" alt=\"Sweatshirt Black\" srcset=\"https:\/\/madgunsdigital.me\/wp-content\/uploads\/2025\/10\/SWS-01-768x768.jpg 768w, https:\/\/madgunsdigital.me\/wp-content\/uploads\/2025\/10\/SWS-01-300x300.jpg 300w, https:\/\/madgunsdigital.me\/wp-content\/uploads\/2025\/10\/SWS-01-1024x1024.jpg 1024w, https:\/\/madgunsdigital.me\/wp-content\/uploads\/2025\/10\/SWS-01-150x150.jpg 150w, https:\/\/madgunsdigital.me\/wp-content\/uploads\/2025\/10\/SWS-01-600x600.jpg 600w, https:\/\/madgunsdigital.me\/wp-content\/uploads\/2025\/10\/SWS-01-100x100.jpg 100w, https:\/\/madgunsdigital.me\/wp-content\/uploads\/2025\/10\/SWS-01.jpg 1080w\" sizes=\"(max-width: 768px) 100vw, 768px\" \/>\t\t\t\t\t\t\t\t\t<\/a>\n\t\t\t\t\t\t\t\t\t\t\t\t\t\t\t\t\t\t \t\t\t\t\t\t\t\t<\/div>\n\t\t\t\t\t\t\t\t<div class=\"image-tools top right show-on-hover\">\n\t\t\t\t\t\t\t\t\t\t\t\t\t\t\t\t\t<\/div>\n\t\t\t\t\t\t\t\t\t\t\t\t\t\t\t\t\t<div class=\"image-tools grid-tools text-center hide-for-small bottom hover-slide-in show-on-hover\">\n\t\t\t\t\t\t\t\t\t\t\t\t\t\t\t\t\t\t\t<\/div>\n\t\t\t\t\t\t\t\t\t\t\t\t\t\t\t\t\t\t\t\t\t\t\t<\/div>\n\n\t\t\t\t\t\t\t<div class=\"box-text text-center is-large\" >\n\t\t\t\t\t\t\t\t<div class=\"title-wrapper\"><p class=\"name product-title woocommerce-loop-product__title\"><a href=\"https:\/\/madgunsdigital.me\/me\/odjeca\/dukserice\/\" class=\"woocommerce-LoopProduct-link woocommerce-loop-product__link\">Dukserice<\/a><\/p><\/div><div class=\"price-wrapper\">\n\t<span class=\"price\">Starting at <span class=\"woocommerce-Price-amount amount\"><bdi>25,00&nbsp;<span class=\"woocommerce-Price-currencySymbol\">&euro;<\/span><\/bdi><\/span> <\/span>\n<\/div>\t\t\t\t\t\t\t<\/div>\n\t\t\t\t\t\t<\/div>\n\t\t\t\t\t\t<\/div>\n\t\t\t\t\t<\/div><div class=\"col\" >\n\t\t\t\t\t\t<div class=\"col-inner\">\n\t\t\t\t\t\t\n<div class=\"badge-container absolute left top z-1\">\n\n<div class=\"badge callout badge-circle\"><div class=\"badge-inner callout-new-bg is-small new-bubble\">NOVI<\/div><\/div><\/div>\n\t\t\t\t\t\t<div class=\"product-small box has-hover box-normal box-text-bottom\">\n\t\t\t\t\t\t\t<div class=\"box-image\" style=\"border-radius:2%;\">\n\t\t\t\t\t\t\t\t<div class=\"\" >\n\t\t\t\t\t\t\t\t\t<a href=\"https:\/\/madgunsdigital.me\/me\/odjeca\/dukserica-s-kapuljacom\/\" aria-label=\"Dukserica s kapulja\u010dom\">\n\t\t\t\t\t\t\t\t\t\t<img decoding=\"async\" width=\"768\" height=\"768\" src=\"https:\/\/madgunsdigital.me\/wp-content\/uploads\/2025\/10\/Hoody-01-768x768.jpg\" class=\"attachment-medium_large size-medium_large\" alt=\"Hoody\" srcset=\"https:\/\/madgunsdigital.me\/wp-content\/uploads\/2025\/10\/Hoody-01-768x768.jpg 768w, https:\/\/madgunsdigital.me\/wp-content\/uploads\/2025\/10\/Hoody-01-300x300.jpg 300w, https:\/\/madgunsdigital.me\/wp-content\/uploads\/2025\/10\/Hoody-01-1024x1024.jpg 1024w, https:\/\/madgunsdigital.me\/wp-content\/uploads\/2025\/10\/Hoody-01-150x150.jpg 150w, https:\/\/madgunsdigital.me\/wp-content\/uploads\/2025\/10\/Hoody-01-600x600.jpg 600w, https:\/\/madgunsdigital.me\/wp-content\/uploads\/2025\/10\/Hoody-01-100x100.jpg 100w, https:\/\/madgunsdigital.me\/wp-content\/uploads\/2025\/10\/Hoody-01.jpg 1080w\" sizes=\"(max-width: 768px) 100vw, 768px\" \/>\t\t\t\t\t\t\t\t\t<\/a>\n\t\t\t\t\t\t\t\t\t\t\t\t\t\t\t\t\t\t \t\t\t\t\t\t\t\t<\/div>\n\t\t\t\t\t\t\t\t<div class=\"image-tools top right show-on-hover\">\n\t\t\t\t\t\t\t\t\t\t\t\t\t\t\t\t\t<\/div>\n\t\t\t\t\t\t\t\t\t\t\t\t\t\t\t\t\t<div class=\"image-tools grid-tools text-center hide-for-small bottom hover-slide-in show-on-hover\">\n\t\t\t\t\t\t\t\t\t\t\t\t\t\t\t\t\t\t\t<\/div>\n\t\t\t\t\t\t\t\t\t\t\t\t\t\t\t\t\t\t\t\t\t\t\t<\/div>\n\n\t\t\t\t\t\t\t<div class=\"box-text text-center is-large\" >\n\t\t\t\t\t\t\t\t<div class=\"title-wrapper\"><p class=\"name product-title woocommerce-loop-product__title\"><a href=\"https:\/\/madgunsdigital.me\/me\/odjeca\/dukserica-s-kapuljacom\/\" class=\"woocommerce-LoopProduct-link woocommerce-loop-product__link\">Dukserica s kapulja\u010dom<\/a><\/p><\/div><div class=\"price-wrapper\">\n\t<span class=\"price\">Starting at <span class=\"woocommerce-Price-amount amount\"><bdi>30,00&nbsp;<span class=\"woocommerce-Price-currencySymbol\">&euro;<\/span><\/bdi><\/span> <\/span>\n<\/div>\t\t\t\t\t\t\t<\/div>\n\t\t\t\t\t\t<\/div>\n\t\t\t\t\t\t<\/div>\n\t\t\t\t\t<\/div><div class=\"col\" >\n\t\t\t\t\t\t<div class=\"col-inner\">\n\t\t\t\t\t\t\n<div class=\"badge-container absolute left top z-1\">\n\n<div class=\"badge callout badge-circle\"><div class=\"badge-inner callout-new-bg is-small new-bubble\">NOVI<\/div><\/div><\/div>\n\t\t\t\t\t\t<div class=\"product-small box has-hover box-normal box-text-bottom\">\n\t\t\t\t\t\t\t<div class=\"box-image\" style=\"border-radius:2%;\">\n\t\t\t\t\t\t\t\t<div class=\"\" >\n\t\t\t\t\t\t\t\t\t<a href=\"https:\/\/madgunsdigital.me\/me\/odjeca\/prsluk\/\" aria-label=\"Prsluk\">\n\t\t\t\t\t\t\t\t\t\t<img decoding=\"async\" width=\"768\" height=\"768\" src=\"https:\/\/madgunsdigital.me\/wp-content\/uploads\/2025\/10\/Vest-01-768x768.jpg\" class=\"attachment-medium_large size-medium_large\" alt=\"Vest\" srcset=\"https:\/\/madgunsdigital.me\/wp-content\/uploads\/2025\/10\/Vest-01-768x768.jpg 768w, https:\/\/madgunsdigital.me\/wp-content\/uploads\/2025\/10\/Vest-01-300x300.jpg 300w, https:\/\/madgunsdigital.me\/wp-content\/uploads\/2025\/10\/Vest-01-1024x1024.jpg 1024w, https:\/\/madgunsdigital.me\/wp-content\/uploads\/2025\/10\/Vest-01-150x150.jpg 150w, https:\/\/madgunsdigital.me\/wp-content\/uploads\/2025\/10\/Vest-01-600x600.jpg 600w, https:\/\/madgunsdigital.me\/wp-content\/uploads\/2025\/10\/Vest-01-100x100.jpg 100w, https:\/\/madgunsdigital.me\/wp-content\/uploads\/2025\/10\/Vest-01.jpg 1080w\" sizes=\"(max-width: 768px) 100vw, 768px\" \/>\t\t\t\t\t\t\t\t\t<\/a>\n\t\t\t\t\t\t\t\t\t\t\t\t\t\t\t\t\t\t \t\t\t\t\t\t\t\t<\/div>\n\t\t\t\t\t\t\t\t<div class=\"image-tools top right show-on-hover\">\n\t\t\t\t\t\t\t\t\t\t\t\t\t\t\t\t\t<\/div>\n\t\t\t\t\t\t\t\t\t\t\t\t\t\t\t\t\t<div class=\"image-tools grid-tools text-center hide-for-small bottom hover-slide-in show-on-hover\">\n\t\t\t\t\t\t\t\t\t\t\t\t\t\t\t\t\t\t\t<\/div>\n\t\t\t\t\t\t\t\t\t\t\t\t\t\t\t\t\t\t\t\t\t\t\t<\/div>\n\n\t\t\t\t\t\t\t<div class=\"box-text text-center is-large\" >\n\t\t\t\t\t\t\t\t<div class=\"title-wrapper\"><p class=\"name product-title woocommerce-loop-product__title\"><a href=\"https:\/\/madgunsdigital.me\/me\/odjeca\/prsluk\/\" class=\"woocommerce-LoopProduct-link woocommerce-loop-product__link\">Prsluk<\/a><\/p><\/div><div class=\"price-wrapper\">\n\t<span class=\"price\">Starting at <span class=\"woocommerce-Price-amount amount\"><bdi>45,00&nbsp;<span class=\"woocommerce-Price-currencySymbol\">&euro;<\/span><\/bdi><\/span> <\/span>\n<\/div>\t\t\t\t\t\t\t<\/div>\n\t\t\t\t\t\t<\/div>\n\t\t\t\t\t\t<\/div>\n\t\t\t\t\t<\/div><\/div>\n\t\t<\/div>\n\t\t\t\t\t<\/div>\n\n\t\n<\/div>\n\t\t<\/div>\n\t\t\t\t\n<style>\n#col-1103759923 > .col-inner {\n  margin: 0px 0px -40px 0px;\n}\n<\/style>\n\t<\/div>\n\n\t\n<\/div>\n<div class=\"row\"  id=\"row-1589865640\">\n\n\t<div id=\"col-452063057\" class=\"col small-12 large-12\"  >\n\t\t\t\t<div class=\"col-inner\"  >\n\t\t\t\n\t\t\t\n<h2>Visokokvalitetna personalizovana odje\u0107a za preduze\u0107a i pojedince<\/h2>\n<p>Odje\u0107a koju nosimo svakodnevno uti\u010de na percepciju javnosti. Isto va\u017ei i za izgled va\u0161e kompanije! Imid\u017e firme zavisi od mnogih faktora, a jedan od njih je vidljivost brenda. Ako \u017eelite ostaviti sna\u017ean utisak kroz svoje zaposlene, okrenite se Mad Guns selekciji personalizovane odje\u0107e. Kompanijska odje\u0107a, poput majica, kapa, polo majica i dukserica, lako se mo\u017ee koristiti da prenese maksimalan profesionalizam va\u0161e firme. Sa opcijama i stilovima prilago\u0111enim mu\u0161koj i \u017eenskoj odje\u0107i, lako je kreirati personalizovane uniforme za kompanije. Nudimo direktnu \u0161tampu na na\u0161im ultra mekanim 100% pamu\u010dnim majicama, tako da \u0107e va\u0161i detaljni logotipi i dizajni biti od\u0161tampani bez pote\u0161ko\u0107a. Na\u0161e 100% pamu\u010dne twill kape i polo majice od 50\/50 pamuk\/poliester me\u0161avine dolaze u raznim bojama i sa opcijom visokokvalitetne personalizovane vezenje. Na\u0161e udobne dukserice dolaze u unisex veli\u010dinama i u tri razli\u010dita stila: hoodiji, crewneck i dukserice sa punim rajsfer\u0161lusom, sa opcijom direktne \u0161tampe ili vezenja! Od\u0161tampajte logotipe firme na ovim proizvodima za elegantnu, jednostavnu i udobnu radnu uniformu. Pored toga, ako je va\u0161 brend prepoznatljiv, mo\u017eete koristiti odje\u0107u kao ekonomi\u010dnu marketing strategiju i \u0161tampati personalizovane artikle za poklone lojalnim klijentima.<\/p>\n<p>Personalizovana \u0161tampa odje\u0107e nije samo za preduze\u0107a! Po\u0161to nema minimalne koli\u010dine za majice, kape ili polo majice, ovi proizvodi su pogodni i za sportske timove, klubove i individualne poklone. Naru\u010dite bilo koju vrstu personalizovane odje\u0107e kako biste podr\u017eali lokalne bejzbol, fudbalske ili ko\u0161arka\u0161ke timove. Majice su promi\u0161ljen personalizovani poklon za svakoga, dostupne u raznim stilovima, poput V-izreza i crewneck-a, i veli\u010dinama za mali\u0161ane, mlade, \u017eene i mu\u0161karce. Personalizovane kape sa vezom smatraju se jednim od najpopularnijih i najprakti\u010dnijih dodataka \u2013 mogu ih nositi svi, a \u0161tite i od sunca. Personalizovana odje\u0107a ne mora biti skupa. Ako tra\u017eite visokokvalitetnu i pristupa\u010dnu odje\u0107u, Mad Guns je pravo mjesto za vas.<\/p>\n\t\t<\/div>\n\t\t\t\t\t<\/div>\n\n\t\n<\/div>\n","protected":false},"excerpt":{"rendered":"","protected":false},"author":1,"featured_media":1988,"parent":0,"menu_order":0,"comment_status":"closed","ping_status":"closed","template":"page-blank.php","meta":{"footnotes":""},"class_list":["post-1987","page","type-page","status-publish","has-post-thumbnail","hentry"],"_links":{"self":[{"href":"https:\/\/madgunsdigital.me\/me\/wp-json\/wp\/v2\/pages\/1987","targetHints":{"allow":["GET"]}}],"collection":[{"href":"https:\/\/madgunsdigital.me\/me\/wp-json\/wp\/v2\/pages"}],"about":[{"href":"https:\/\/madgunsdigital.me\/me\/wp-json\/wp\/v2\/types\/page"}],"author":[{"embeddable":true,"href":"https:\/\/madgunsdigital.me\/me\/wp-json\/wp\/v2\/users\/1"}],"replies":[{"embeddable":true,"href":"https:\/\/madgunsdigital.me\/me\/wp-json\/wp\/v2\/comments?post=1987"}],"version-history":[{"count":2,"href":"https:\/\/madgunsdigital.me\/me\/wp-json\/wp\/v2\/pages\/1987\/revisions"}],"predecessor-version":[{"id":1990,"href":"https:\/\/madgunsdigital.me\/me\/wp-json\/wp\/v2\/pages\/1987\/revisions\/1990"}],"wp:featuredmedia":[{"embeddable":true,"href":"https:\/\/madgunsdigital.me\/me\/wp-json\/wp\/v2\/media\/1988"}],"wp:attachment":[{"href":"https:\/\/madgunsdigital.me\/me\/wp-json\/wp\/v2\/media?parent=1987"}],"curies":[{"name":"wp","href":"https:\/\/api.w.org\/{rel}","templated":true}]}}