{"id":2085,"date":"2025-03-26T00:29:20","date_gmt":"2025-03-25T22:29:20","guid":{"rendered":"https:\/\/madgunsdigital.me\/politika-povrata-novca-i-vracanja-robe\/"},"modified":"2026-01-10T16:27:52","modified_gmt":"2026-01-10T14:27:52","slug":"politika-povrata-novca-i-vracanja-robe","status":"publish","type":"page","link":"https:\/\/madgunsdigital.me\/me\/povrat-novca-i-vracanje-robe\/","title":{"rendered":"Politika povrata novca i vra\u0107anja robe"},"content":{"rendered":"<div class=\"row\"  id=\"row-2015652598\">\n\n\t<div id=\"col-2104872996\" class=\"col small-12 large-12\"  >\n\t\t\t\t<div class=\"col-inner\"  >\n\t\t\t\n\t\t\t\n<h1>Politika povrata novca i vra\u0107anja robe<\/h1>\n<h2>Datum stupanja na snagu: 25. mart 2025.<\/h2>\n<h3>1. Pregled<\/h3>\n<p>U Mad Guns Digital Online Services, nastojimo pru\u017eiti visokokvalitetne usluge \u0161tampanja. Ako niste zadovoljni svojom narud\u017ebom, nudimo politiku povrata novca i vra\u0107anja robe kako je navedeno u nastavku.<\/p>\n<h3>2. Pravo na povrat novca i vra\u0107anje robe<\/h3>\n<p>Mo\u017eete zatra\u017eiti povrat novca ili vra\u0107anje robe ako:<\/p>\n<ul>\n<li>Proizvod koji ste primili je neispravan ili o\u0161te\u0107en.<\/li>\n<li>Narud\u017eba ne odgovara specifikacijama koje ste naveli.<\/li>\n<li>Proizvod je izgubljen tokom transporta.<\/li>\n<\/ul>\n<p>Da biste ispunjavali uslove, morate nas obavijestiti u roku od 3 dana od prijema proizvoda.<\/p>\n<h3>3. Artikli koji se ne mogu refundirati<\/h3>\n<p>Ne prihvatamo povrat niti vr\u0161imo refundaciju za:<\/p>\n<ul>\n<li>Proizvode s prilago\u0111enom \u0161tampom, osim ako nisu neispravni ili neispravni.<\/li>\n<li>Digitalno preuzimanje i usluge dizajna.<\/li>\n<li>Proizvode koji su kori\u0161teni ili izmijenjeni nakon isporuke.<\/li>\n<\/ul>\n<h3>4. Kako zatra\u017eiti povrat novca ili vra\u0107anje<\/h3>\n<p>Da biste zatra\u017eili povrat novca ili vra\u0107anje, slijedite ove korake:<\/p>\n<ol>\n<li>Kontaktirajte na\u0161 tim za korisni\u010dku podr\u0161ku na <a href=\"mailto:info@madgunsdigital.me\">info@madgunsdigital.me<\/a> sa brojem va\u0161e narud\u017ebe i detaljima problema.<\/li>\n<li>Dostavite fotografije neispravnog ili neispravnog proizvoda.<\/li>\n<li>Ako bude odobreno, dostavit \u0107emo upute za povrat (ako je primjenjivo).<\/li>\n<\/ol>\n<h3>5. Obrada povrata novca<\/h3>\n<ul>\n<li>Ako je va\u0161 povrat odobren, bit \u0107e obra\u0111en u roku od 5-10 radnih dana na originalni na\u010din pla\u0107anja.<\/li>\n<li>Tro\u0161kovi dostave se ne vra\u0107aju osim ako povrat nije uzrokovan na\u0161om gre\u0161kom.<\/li>\n<\/ul>\n<h3>6. Zamjene<\/h3>\n<p>Ako ispunjavate uslove, mo\u017eemo ponuditi zamjenu umjesto povrata novca. Zamjena \u0107e biti obra\u0111ena nakon \u0161to zahtjev za povrat bude odobren.<\/p>\n<h3>7. Zaka\u0161njeli ili nedostaju\u0107i povrati novca<\/h3>\n<p>Ako jo\u0161 niste primili povrat novca, molimo vas:<\/p>\n<p>Provjerite svoj bankovni ra\u010dun.<\/p>\n<p>Kontaktirajte svog davatelja kreditne kartice, jer mo\u017ee pro\u0107i neko vrijeme dok se povrat novca ne pojavi.<\/p>\n<p>Ako i dalje imate problema, kontaktirajte nas na <a href=\"mailto:info@madgunsdigital.me\">info@madgunsdigital.me<\/a>.<\/p>\n<h3>8. Izmjene ove Politike<\/h3>\n<p>Zadr\u017eavamo pravo da a\u017euriramo ovu Politiku povrata novca i vra\u0107anja robe u bilo kojem trenutku. Sve promjene bit \u0107e objavljene na ovoj stranici.<\/p>\n<h3>9. Kontaktirajte nas<\/h3>\n<p>Ako imate bilo kakvih pitanja, kontaktirajte nas na: Naziv kompanije: Mad Guns Digital Online Services (kojim upravlja Mad Guns Digital DOO)<\/p>\n<p>E-mail: <a href=\"mailto:info@madgunsdigital.me\">info@madgunsdigital.me<\/a><\/p>\n<p>Telefon: +382 69 623 402<\/p>\n<p>Adresa: TRG Nezavisnosti br.7 Podgorica, Crna Gora<\/p>\n\t\t<\/div>\n\t\t\t\t\t<\/div>\n\n\t\n<\/div>\n","protected":false},"excerpt":{"rendered":"","protected":false},"author":1,"featured_media":0,"parent":0,"menu_order":0,"comment_status":"closed","ping_status":"closed","template":"","meta":{"footnotes":""},"class_list":["post-2085","page","type-page","status-publish","hentry"],"_links":{"self":[{"href":"https:\/\/madgunsdigital.me\/me\/wp-json\/wp\/v2\/pages\/2085","targetHints":{"allow":["GET"]}}],"collection":[{"href":"https:\/\/madgunsdigital.me\/me\/wp-json\/wp\/v2\/pages"}],"about":[{"href":"https:\/\/madgunsdigital.me\/me\/wp-json\/wp\/v2\/types\/page"}],"author":[{"embeddable":true,"href":"https:\/\/madgunsdigital.me\/me\/wp-json\/wp\/v2\/users\/1"}],"replies":[{"embeddable":true,"href":"https:\/\/madgunsdigital.me\/me\/wp-json\/wp\/v2\/comments?post=2085"}],"version-history":[{"count":2,"href":"https:\/\/madgunsdigital.me\/me\/wp-json\/wp\/v2\/pages\/2085\/revisions"}],"predecessor-version":[{"id":2087,"href":"https:\/\/madgunsdigital.me\/me\/wp-json\/wp\/v2\/pages\/2085\/revisions\/2087"}],"wp:attachment":[{"href":"https:\/\/madgunsdigital.me\/me\/wp-json\/wp\/v2\/media?parent=2085"}],"curies":[{"name":"wp","href":"https:\/\/api.w.org\/{rel}","templated":true}]}}