{"id":2446,"date":"2025-10-20T23:23:53","date_gmt":"2025-10-20T21:23:53","guid":{"rendered":"https:\/\/madgunsdigital.me\/product\/prsluk\/"},"modified":"2026-01-25T15:58:11","modified_gmt":"2026-01-25T13:58:11","slug":"prsluk","status":"publish","type":"product","link":"https:\/\/madgunsdigital.me\/me\/odjeca\/prsluk\/","title":{"rendered":"Prsluk"},"content":{"rendered":"<div class=\"row\"  id=\"row-1274357761\">\n\n\t<div id=\"col-1239371691\" class=\"col small-12 large-12\"  >\n\t\t\t\t<div class=\"col-inner\"  >\n\t\t\t\n\t\t\t\n<div class=\"row\"  id=\"row-779184924\">\n\n\t<div id=\"col-896948644\" class=\"col small-12 large-12\"  >\n\t\t\t\t<div class=\"col-inner\"  >\n\t\t\t\n\t\t\t\n<p class=\"p1\">Lagano, moderno i li\u010dno \u2014 uz <span class=\"s1\"><b>Mad Guns Custom Vest<\/b><\/span>, savr\u0161en sloj za svako godi\u0161nje doba.<\/p>\n<p class=\"p1\">Izra\u0111eni od izdr\u017eljivog i prozra\u010dnog materijala, na\u0161i prsluci su dizajnirani za cjelodnevnu udobnost i svestranu upotrebu. Svaki komad se proizvodi interno u <span class=\"s1\"><b>Mad Guns Online Print Services<\/b><\/span>, gdje koristimo profesionalnu tehnologiju \u0161tampe kako bismo osigurali da va\u0161 dizajn izgleda upe\u010datljivo, \u010disto i dugotrajno.<\/p>\n<p class=\"p1\">Dodajte svoj <span class=\"s1\"><b>logo, ime ili prilago\u0111enu grafiku<\/b><\/span> i kreirajte prsluk koji je u potpunosti va\u0161 \u2014 idealan za radne uniforme, doga\u0111aje, aktivnosti na otvorenom ili svakodnevno no\u0161enje. Izgledajte profesionalno, osje\u0107ajte se udobno i istaknite se uz svoj personalizovani prsluk!<\/p>\n\t\t<\/div>\n\t\t\t\t\t<\/div>\n\n\t\n<\/div>\n\t\t<\/div>\n\t\t\t\t\t<\/div>\n\n\t\n\n<\/div>\n","protected":false},"excerpt":{"rendered":"","protected":false},"featured_media":1954,"comment_status":"closed","ping_status":"closed","template":"","meta":[],"product_brand":[95],"product_cat":[106,111],"product_tag":[],"class_list":{"0":"post-2446","1":"product","2":"type-product","3":"status-publish","4":"has-post-thumbnail","6":"product_brand-mad-guns","7":"product_cat-odjeca","8":"product_cat-prsluk","9":"wcpa_has_options","11":"first","12":"instock","13":"taxable","14":"shipping-taxable","15":"purchasable","16":"product-type-simple"},"wcpa_form_fields":{"wcpaData":{"product":{"product_price":45,"price_html":"Starting at <span class=\"woocommerce-Price-amount amount\"><bdi>45,00&nbsp;<span class=\"woocommerce-Price-currencySymbol\">&euro;<\/span><\/bdi><\/span> ","original_product_price":45,"price_including_tax":45,"price_excluding_tax":37.190083,"product_id":{"parent":2446,"variation":false},"is_variable":false,"stock_status":"instock","stock_quantity":null,"parent_sku":"VST","product_attributes":[],"custom_fields":[],"is_taxable":true,"product_name":"Prsluk","hasImage":false},"fields":{"sec_668f6aa5da2fe8":{"extra":{"key":"sec_668f6aa5da2fe8","section_id":"sec_668f6aa5da2fe8","name":"Default","status":1,"cl_rule":"show","enableCl":false,"relations":[],"toggle":true,"title_tag":"h3","show_title":false,"showPrice":"default","form_id":1959,"form_rules":{"exclude_from_discount":false,"fee_label":"Naknada","disp_hide_options_price":true,"disp_show_section_price":false,"disp_show_field_price":false,"layout_option":"standard","pric_use_as_fee":false,"process_fee_as":"woo_fee"},"layout_option":"standard"},"fields":[[{"active":true,"col":6,"relations":false,"cl_rule":"show","enableCl":false,"price":"","enablePrice":false,"className":"","label_position":"default","desc_position":"default","type":"color-group","required":false,"elementId":"color-group_968f6aa5da300d","label":"Vest Color","name":"color-group_968f6aa5da300d","disp_type":"circle","values":[{"label":"Black","value":"black","selected":true,"color":"#000000","tempId":"aco_234","price":"2","gt_translate_keys":["label"]},{"label":"Blue","value":"blue","selected":false,"color":"#04386e","tempId":"aco_283","gt_translate_keys":["label"]},{"label":"Olive","value":"olive","selected":false,"color":"#5d5d39","tempId":"aco_919","gt_translate_keys":["label"]},{"label":"Light Brown","value":"lightbrown","selected":false,"color":"#c18758","tempId":"aco_1030","gt_translate_keys":["label"]},{"label":"White","value":"white","selected":false,"color":"#f4f5f9","tempId":"aco_1292","gt_translate_keys":["label"]}],"layOut":"col-4","error":false,"disp_size":{"width":"40","height":"40"},"priceOptions":"different_for_all","pricingType":"fixed","isWeightTemplate":false,"isTemplate":false,"selection_type":"tick-border","min_quantity":"1","quantity_decimal":false,"quantity_step":"1","quantity_label":"Quantity","repeater_field_label":"{field_label}","repeater_bind":"","gt_translate_keys":["label","repeater_field_label","quantity_label"],"price_dependency":false,"cl_dependency":false,"value":""}],[{"active":true,"col":6,"relations":false,"cl_rule":"show","enableCl":false,"price":"","enablePrice":true,"className":"","label_position":"default","desc_position":"default","type":"radio-group","required":false,"elementId":"radio-group_468f6aa5da3019","label":"Print","name":"radio-group_468f6aa5da3019","values":[{"label":"Chest Logo Print (up to 9cm width)","value":"Chest Logo Print (up to 9cm width)","selected":true,"tempId":"aco_11458","price":"0","gt_translate_keys":["label"]},{"label":"Front Print (up to A4 size)","value":"Front Print (up to A4 size)","selected":false,"tempId":"aco_11459","price":"5","gt_translate_keys":["label"]},{"label":"Back Print (up to A4 size)","value":"Back Print (up to A4 size)","selected":false,"tempId":"aco_11460","price":"5","gt_translate_keys":["label"]},{"label":"Front Chest Logo Print (up to 9cm width) and Back Print (up to A4 size)","value":"Front Chest Logo Print (up to 9cm width) and Back Print (up to A4 size)","selected":false,"tempId":"aco_11578","price":"10","gt_translate_keys":["label"]},{"label":"Front and Back Print (both side up to A4 size)","value":"Front and Back Print (both side up to A4 size)","selected":false,"tempId":"aco_11588","price":"15","gt_translate_keys":["label"]}],"layOut":"","error":false,"checkUi":"toggle","priceOptions":"different_for_all","pricingType":"fixed","gt_translate_keys":["label"],"price_dependency":["select_468f6aa5da302a","select_168f6aa5da3032","select_368f6aa5da3039","select_268f6aa5da3041"],"cl_dependency":["select_468f6aa5da302a","select_168f6aa5da3032","select_168f6aa5da3032","select_368f6aa5da3039","select_268f6aa5da3041"],"value":""}],[{"active":true,"col":6,"relations":false,"cl_rule":"show","enableCl":false,"price":"","enablePrice":false,"className":"","label_position":"default","desc_position":"default","type":"select","required":true,"elementId":"select_1068f6aa5da3022","label":"Size","name":"select_1068f6aa5da3022","values":[{"label":"Small - S","value":"S","selected":true,"tempId":"aco_4402","gt_translate_keys":["label"]},{"label":"Medium - M","value":"M","selected":false,"tempId":"aco_3490","price":"","gt_translate_keys":["label"]},{"label":"Large - L","value":"L","selected":false,"tempId":"aco_3491","price":"{field.checkgroup_8178962988.price}+{product_price}","gt_translate_keys":["label"]},{"label":"XLarge - XL","value":"XL","selected":false,"tempId":"aco_3492","price":"({field.checkgroup_8178962988.price}+{product_price})*2","gt_translate_keys":["label"]},{"label":"XX Large - 2XL","value":"XXL","selected":false,"tempId":"aco_3691","price":"({field.checkgroup_8178962988.price}+{product_price})*3","gt_translate_keys":["label"]}],"dropdown_type":"basic","error":false,"priceOptions":"different_for_all","pricingType":"custom","isTemplate":false,"description":"Choose your desired size and quantities below","placeholder":"","tooltip":"","isWeightTemplate":false,"min_quantity":"1","quantity_decimal":false,"quantity_step":"1","quantity_label":"Quantity","repeater_field_label":"{field_label}","repeater_bind":"","gt_translate_keys":["label","placeholder","description","tooltip","repeater_field_label","quantity_label"],"price_dependency":false,"cl_dependency":false,"value":""}],[{"active":true,"col":6,"relations":[{"operator":false,"rules":[{"operator":"AND","rules":{"cl_field":"radio-group_468f6aa5da3019","cl_relation":"is","cl_val":"Chest Logo Print (up to 9cm width)"}}]}],"cl_rule":"show","enableCl":true,"price":"","enablePrice":true,"className":"","label_position":"default","desc_position":"default","type":"select","required":false,"elementId":"select_468f6aa5da302a","label":"Quantity","name":"select_468f6aa5da302a","values":[{"label":"1 pcs","value":"1pcs","selected":false,"tempId":"aco_214","price":"","gt_translate_keys":["label"]},{"label":"2 pcs","value":"2pcs","selected":false,"tempId":"aco_215","price":"{product_price}+{field.radio-group_468f6aa5da3019.price}","gt_translate_keys":["label"]},{"label":"3 pcs","value":"3pcs","selected":false,"tempId":"aco_216","price":"({product_price}+{field.radio-group_468f6aa5da3019.price})*2","gt_translate_keys":["label"]},{"label":"4 pcs","value":"4pcs","selected":false,"tempId":"aco_469","price":"({product_price}+{field.radio-group_468f6aa5da3019.price})*3","gt_translate_keys":["label"]},{"label":"5 pcs","value":"5pcs","selected":false,"tempId":"aco_479","price":"({product_price}+{field.radio-group_468f6aa5da3019.price})*3.6667","gt_translate_keys":["label"]},{"label":"6 pcs","value":"6pcs","selected":false,"tempId":"aco_9868","price":"({product_price}+{field.radio-group_468f6aa5da3019.price})*4.6667","gt_translate_keys":["label"]},{"label":"7 pcs","value":"7pcs","selected":false,"tempId":"aco_9878","price":"({product_price}+{field.radio-group_468f6aa5da3019.price})*5.6667","gt_translate_keys":["label"]},{"label":"8 pcs","value":"8pcs","selected":false,"tempId":"aco_9905","price":"({product_price}+{field.radio-group_468f6aa5da3019.price})*6.6667","gt_translate_keys":["label"]},{"label":"9 pcs","value":"9pcs","selected":false,"tempId":"aco_9915","price":"({product_price}+{field.radio-group_468f6aa5da3019.price})*7.3333","gt_translate_keys":["label"]},{"label":"10 pcs","value":"10pcs","selected":false,"tempId":"aco_9925","price":"({product_price}+{field.radio-group_468f6aa5da3019.price})*8","gt_translate_keys":["label"]}],"dropdown_type":"basic","error":false,"priceOptions":"different_for_all","use_as_fee":false,"pricingType":"custom","isTemplate":false,"gt_translate_keys":["label"],"price_dependency":false,"cl_dependency":false,"value":""}],[{"label":"Quantity","active":true,"required":false,"elementId":"select_168f6aa5da3032","dropdown_type":"basic","name":"select_168f6aa5da3032","label_position":"default","desc_position":"default","enablePrice":true,"className":"","enableCl":true,"relations":[{"operator":false,"rules":[{"operator":"or","rules":{"cl_field":"radio-group_468f6aa5da3019","cl_relation":"is","cl_val":"Front Print (up to A4 size)"}},{"operator":false,"rules":{"cl_field":"radio-group_468f6aa5da3019","cl_relation":"is","cl_val":"Back Print (up to A4 size)"}}]}],"values":[{"label":"1 pcs","value":"1pcs","selected":false,"tempId":"aco_214","price":"","gt_translate_keys":["label"]},{"label":"2 pcs","value":"2pcs","selected":false,"tempId":"aco_215","price":"{product_price}+{field.radio-group_468f6aa5da3019.price}","gt_translate_keys":["label"]},{"label":"3 pcs","value":"3pcs","selected":false,"tempId":"aco_216","price":"({product_price}+{field.radio-group_468f6aa5da3019.price})*2","gt_translate_keys":["label"]},{"label":"4 pcs","value":"4pcs","selected":false,"tempId":"aco_469","price":"({product_price}+{field.radio-group_468f6aa5da3019.price})*3","gt_translate_keys":["label"]},{"label":"5 pcs","value":"5pcs","selected":false,"tempId":"aco_479","price":"({product_price}+{field.radio-group_468f6aa5da3019.price})*3.5","gt_translate_keys":["label"]},{"label":"6 pcs","value":"6pcs","selected":false,"tempId":"aco_9868","price":"({product_price}+{field.radio-group_468f6aa5da3019.price})*4.25","gt_translate_keys":["label"]},{"label":"7 pcs","value":"7pcs","selected":false,"tempId":"aco_9878","price":"({product_price}+{field.radio-group_468f6aa5da3019.price})*5.25","gt_translate_keys":["label"]},{"label":"8 pcs","value":"8pcs","selected":false,"tempId":"aco_9905","price":"({product_price}+{field.radio-group_468f6aa5da3019.price})*6.25","gt_translate_keys":["label"]},{"label":"9 pcs","value":"9pcs","selected":false,"tempId":"aco_9915","price":"({product_price}+{field.radio-group_468f6aa5da3019.price})*7","gt_translate_keys":["label"]},{"label":"10 pcs","value":"10pcs","selected":false,"tempId":"aco_9925","price":"({product_price}+{field.radio-group_468f6aa5da3019.price})*7.5","gt_translate_keys":["label"]}],"priceOptions":"different_for_all","pricingType":"custom","isTemplate":false,"price":"","use_as_fee":false,"cl_rule":"show","col":6,"type":"select","error":false,"gt_translate_keys":["label"],"price_dependency":false,"cl_dependency":false,"value":""}],[{"label":"Quantity","active":true,"required":false,"elementId":"select_368f6aa5da3039","dropdown_type":"basic","name":"select_368f6aa5da3039","label_position":"default","desc_position":"default","enablePrice":true,"className":"","enableCl":true,"relations":[{"operator":false,"rules":[{"operator":false,"rules":{"cl_field":"radio-group_468f6aa5da3019","cl_relation":"is","cl_val":"Front Chest Logo Print (up to 9cm width) and Back Print (up to A4 size)"}}]}],"values":[{"label":"1 pcs","value":"1pcs","selected":false,"tempId":"aco_214","price":"","gt_translate_keys":["label"]},{"label":"2 pcs","value":"2pcs","selected":false,"tempId":"aco_215","price":"{product_price}+{field.radio-group_468f6aa5da3019.price}","gt_translate_keys":["label"]},{"label":"3 pcs","value":"3pcs","selected":false,"tempId":"aco_216","price":"({product_price}+{field.radio-group_468f6aa5da3019.price})*2","gt_translate_keys":["label"]},{"label":"4 pcs","value":"4pcs","selected":false,"tempId":"aco_469","price":"({product_price}+{field.radio-group_468f6aa5da3019.price})*3","gt_translate_keys":["label"]},{"label":"5 pcs","value":"5pcs","selected":false,"tempId":"aco_479","price":"({product_price}+{field.radio-group_468f6aa5da3019.price})*3.8","gt_translate_keys":["label"]},{"label":"6 pcs","value":"6pcs","selected":false,"tempId":"aco_9868","price":"({product_price}+{field.radio-group_468f6aa5da3019.price})*4.8","gt_translate_keys":["label"]},{"label":"7 pcs","value":"7pcs","selected":false,"tempId":"aco_9878","price":"({product_price}+{field.radio-group_468f6aa5da3019.price})*5.8","gt_translate_keys":["label"]},{"label":"8 pcs","value":"8pcs","selected":false,"tempId":"aco_9905","price":"({product_price}+{field.radio-group_468f6aa5da3019.price})*6.6","gt_translate_keys":["label"]},{"label":"9 pcs","value":"9pcs","selected":false,"tempId":"aco_9915","price":"({product_price}+{field.radio-group_468f6aa5da3019.price})*7.6","gt_translate_keys":["label"]},{"label":"10 pcs","value":"10pcs","selected":false,"tempId":"aco_9925","price":"({product_price}+{field.radio-group_468f6aa5da3019.price})*8.2","gt_translate_keys":["label"]}],"priceOptions":"different_for_all","pricingType":"custom","isTemplate":false,"price":"","use_as_fee":false,"cl_rule":"show","col":6,"type":"select","error":false,"gt_translate_keys":["label"],"price_dependency":false,"cl_dependency":false,"value":""}],[{"label":"Quantity","active":true,"required":false,"elementId":"select_268f6aa5da3041","dropdown_type":"basic","name":"select_268f6aa5da3041","label_position":"default","desc_position":"default","enablePrice":true,"className":"","enableCl":true,"relations":[{"operator":false,"rules":[{"operator":false,"rules":{"cl_field":"radio-group_468f6aa5da3019","cl_relation":"is","cl_val":"Front and Back Print (both side up to A4 size)"}}]}],"values":[{"label":"1 pcs","value":"1pcs","selected":false,"tempId":"aco_214","price":"","gt_translate_keys":["label"]},{"label":"2 pcs","value":"2pcs","selected":false,"tempId":"aco_215","price":"{product_price}+{field.radio-group_468f6aa5da3019.price}","gt_translate_keys":["label"]},{"label":"3 pcs","value":"3pcs","selected":false,"tempId":"aco_216","price":"({product_price}+{field.radio-group_468f6aa5da3019.price})*2","gt_translate_keys":["label"]},{"label":"4 pcs","value":"4pcs","selected":false,"tempId":"aco_469","price":"({product_price}+{field.radio-group_468f6aa5da3019.price})*3","gt_translate_keys":["label"]},{"label":"5 pcs","value":"5pcs","selected":false,"tempId":"aco_479","price":"({product_price}+{field.radio-group_468f6aa5da3019.price})*3.6667","gt_translate_keys":["label"]},{"label":"6 pcs","value":"6pcs","selected":false,"tempId":"aco_9868","price":"({product_price}+{field.radio-group_468f6aa5da3019.price})*4.6667","gt_translate_keys":["label"]},{"label":"7 pcs","value":"7pcs","selected":false,"tempId":"aco_9878","price":"({product_price}+{field.radio-group_468f6aa5da3019.price})*5.6667","gt_translate_keys":["label"]},{"label":"8 pcs","value":"8pcs","selected":false,"tempId":"aco_9905","price":"({product_price}+{field.radio-group_468f6aa5da3019.price})*6.5","gt_translate_keys":["label"]},{"label":"9 pcs","value":"9pcs","selected":false,"tempId":"aco_9915","price":"({product_price}+{field.radio-group_468f6aa5da3019.price})*7.3333","gt_translate_keys":["label"]},{"label":"10 pcs","value":"10pcs","selected":false,"tempId":"aco_9925","price":"({product_price}+{field.radio-group_468f6aa5da3019.price})*8","gt_translate_keys":["label"]}],"priceOptions":"different_for_all","pricingType":"custom","isTemplate":false,"price":"","use_as_fee":false,"cl_rule":"show","col":6,"type":"select","error":false,"gt_translate_keys":["label"],"price_dependency":false,"cl_dependency":false,"value":""}],[{"active":true,"col":6,"relations":false,"cl_rule":"show","enableCl":false,"price":"","enablePrice":true,"className":"","label_position":"default","desc_position":"default","type":"select","required":true,"elementId":"select_968f6aa5da3048","label":"Design","name":"select_968f6aa5da3048","values":[{"label":"I have a design","value":"I have a design","selected":true,"tempId":"aco_103","price":"0","gt_translate_keys":["label"]}],"dropdown_type":"basic","error":false,"priceOptions":"different_for_all","pricingType":"fixed","gt_translate_keys":["label"],"price_dependency":false,"cl_dependency":false,"value":""}],[{"active":true,"col":6,"relations":[{"operator":false,"rules":[{"operator":"AND","rules":{"cl_field":"select_968f6aa5da3048","cl_relation":"is","cl_val":"I have a design"}}]}],"cl_rule":"show","enableCl":false,"price":"","enablePrice":false,"className":"","label_position":"default","desc_position":"default","type":"file","required":true,"elementId":"file_1068f6aa5da3050","name":"file_1068f6aa5da3050","label":"File Upload Field","upload_type":"droppable","file_types":["design"],"error":false,"exts_supported":["AI","EPS","PDF","TIF","TIFF","PSD"],"uploadSize":"75","allowedFileTypes":".AI,.EPS,.PDF,.TIF,.TIFF,.PSD,image\/*,.psd,.pdf,.eps,.ai,.indd,.raw","gt_translate_keys":["label"],"price_dependency":false,"cl_dependency":false,"value":""}],[{"active":true,"col":6,"relations":[{"operator":false,"rules":[{"operator":"AND","rules":{"cl_field":"select_968f6aa5da3048","cl_relation":"is","cl_val":"I have a design"}}]}],"cl_rule":"show","enableCl":false,"price":"","enablePrice":true,"className":"","label_position":"default","desc_position":"default","type":"radio-group","required":true,"elementId":"radio-group_668f6aa5da3059","label":"Production Time","name":"radio-group_668f6aa5da3059","values":[],"layOut":"col-2","error":false,"checkUi":"toggle","priceOptions":"different_for_all","pricingType":"fixed","use_as_fee":false,"enable_product_image":false,"gt_translate_keys":["label"],"price_dependency":false,"cl_dependency":false,"value":""}]]}},"config":{"price_override":"","enable_recaptcha":false,"bind_quantity":false,"quantity_bind_formula":false,"disp_summ_show_option_price":false,"disp_summ_show_product_price":false,"disp_summ_show_total_price":true,"disp_summ_show_fee":false,"disp_summ_show_discount":false,"summary_title":"","options_total_label":"Cijena opcija","total_label":"Ukupno","options_product_label":"Cijena proizvoda","fee_label":"Naknada","discount_label":"Discount","has_price":true,"has_quantity_formula":false},"mc_unit":1,"tax_rate":1,"tax_rate_real":0.21,"discount":{"percentage":0,"fixed":0},"design":{"conf":{"LabelPosition":"above","DescPosition":"above","UploadField":"custom_1","QuantityFieldStyle":"custom_1"},"css":{"LeftLabelWidth":"120px"}},"formulas":[],"lookuptables":[],"clones":false,"cartKey":false}},"_links":{"self":[{"href":"https:\/\/madgunsdigital.me\/me\/wp-json\/wp\/v2\/product\/2446","targetHints":{"allow":["GET"]}}],"collection":[{"href":"https:\/\/madgunsdigital.me\/me\/wp-json\/wp\/v2\/product"}],"about":[{"href":"https:\/\/madgunsdigital.me\/me\/wp-json\/wp\/v2\/types\/product"}],"replies":[{"embeddable":true,"href":"https:\/\/madgunsdigital.me\/me\/wp-json\/wp\/v2\/comments?post=2446"}],"wp:featuredmedia":[{"embeddable":true,"href":"https:\/\/madgunsdigital.me\/me\/wp-json\/wp\/v2\/media\/1954"}],"wp:attachment":[{"href":"https:\/\/madgunsdigital.me\/me\/wp-json\/wp\/v2\/media?parent=2446"}],"wp:term":[{"taxonomy":"product_brand","embeddable":true,"href":"https:\/\/madgunsdigital.me\/me\/wp-json\/wp\/v2\/product_brand?post=2446"},{"taxonomy":"product_cat","embeddable":true,"href":"https:\/\/madgunsdigital.me\/me\/wp-json\/wp\/v2\/product_cat?post=2446"},{"taxonomy":"product_tag","embeddable":true,"href":"https:\/\/madgunsdigital.me\/me\/wp-json\/wp\/v2\/product_tag?post=2446"}],"curies":[{"name":"wp","href":"https:\/\/api.w.org\/{rel}","templated":true}]}}